{"id":2,"date":"2018-10-02T18:50:29","date_gmt":"2018-10-02T18:50:29","guid":{"rendered":"http:\/\/abandoned.film\/?page_id=2"},"modified":"2019-02-14T15:04:34","modified_gmt":"2019-02-14T15:04:34","slug":"story","status":"publish","type":"page","link":"https:\/\/abandoned.film\/de\/story\/","title":{"rendered":"Geschichte"},"content":{"rendered":"<p>\u00c4rztInnen d\u00fcrfen in manchen L\u00e4ndern, u.a. \u00d6sterreich, eine medizinisch notwendige Behandlung verweigern, z.B. einen Schwangerschaftsabbruch &#8211; &#8222;Conscientious Objection\u201c &#8211; wenn diese ihren pers\u00f6nlichen oder religi\u00f6sen \u00dcberzeugungen widerspricht und sie sich auf eine angebliche \u201eGewissensfrage&#8220; berufen k\u00f6nnen. In Schweden, Finnland und Island d\u00fcrfen \u00c4rzte und andere medizinische Fachkr\u00e4fte einen Schwangerschaftsabbruch nicht verweigern.<\/p>\n<p>Die Filmemacherin Patricia Marchart reiste f\u00fcr den Film durch Europa und besuchte betroffene Frauen bzw. deren Hinterbliebene.<\/p>\n<p>Unter anderem wird die Geschichte von Valentina aus Italien erz\u00e4hlt, die in der 19. Schwangerschaftswoche bei einer Fr\u00fchgeburt starb, weil die \u00c4rzte ihr eine medizinisch notwendigen, bzw. lebensrettenden Schwangerschaftsabbruch aus angeblichen Gewissensgr\u00fcnden verweigerten, da&nbsp;der F\u00f6tus noch einen Herzschlag aufwies. \u00c4hnlich erging es Savita in Irland. Ihr wurde ebenfalls bei einer Fehlgeburt in der 17 SSW ein lebensrettender Schwangerschaftsabbruch verweigert, weil der F\u00f6tus noch einen Herzschlag aufwies und das medizinische Personal sich auf den F\u00f6tus und nicht auf das Leben der Frau konzentrierte. Die Folge war eine Blutvergiftung, an der Savita starb. Paula aus Spanien wurde die Information \u00fcber schwere Fehlbildungen des F\u00f6tus von den \u00c4rzten absichtlich vorenthalten bzw. die pr\u00e4natale Diagnose verz\u00f6gert \u2013 aus angeblichen Gewissensgr\u00fcnden. Diese Verz\u00f6gerung f\u00fchrte zu lebensbedrohlichen Komplikationen, weshalb ihr die Geb\u00e4rmutter entfern werden musste.<\/p>\n<p>Der Film gibt Frauen und Hinterbliebenen eine Stimme und entlarvt die Ungerechtigkeit, die es \u00c4rztInnen erm\u00f6glicht, Frauen mit einer ungewollten Schwangerschaft eine medizinisch notwendigen Schwangerschaftsabbruch zu verweigern. Wenn \u00c4rztInnen ihre medizinischen Entscheidungen auf pers\u00f6nliche \u00dcberzeugung gr\u00fcnden, bedrohen sie Leib und Leben der Frauen.<\/p>","protected":false},"excerpt":{"rendered":"<p>\u00c4rztInnen d\u00fcrfen in manchen L\u00e4ndern, u.a. \u00d6sterreich, eine medizinisch notwendige Behandlung verweigern, z.B. einen Schwangerschaftsabbruch &#8211; &#8222;Conscientious Objection\u201c &#8211; wenn diese ihren pers\u00f6nlichen oder religi\u00f6sen \u00dcberzeugungen widerspricht und sie sich auf eine angebliche \u201eGewissensfrage&#8220; berufen k\u00f6nnen. In Schweden, Finnland und Island d\u00fcrfen \u00c4rzte und andere medizinische Fachkr\u00e4fte einen Schwangerschaftsabbruch nicht verweigern. Die Filmemacherin Patricia Marchart &hellip; <\/p>\n<p class=\"link-more\"><a href=\"https:\/\/abandoned.film\/de\/story\/\" class=\"more-link\"><span class=\"screen-reader-text\">&#8222;Geschichte&#8220;<\/span> weiterlesen<\/a><\/p>\n","protected":false},"author":1,"featured_media":80,"parent":0,"menu_order":0,"comment_status":"closed","ping_status":"open","template":"","meta":{"footnotes":""},"class_list":["post-2","page","type-page","status-publish","has-post-thumbnail","hentry"],"_links":{"self":[{"href":"https:\/\/abandoned.film\/de\/wp-json\/wp\/v2\/pages\/2","targetHints":{"allow":["GET"]}}],"collection":[{"href":"https:\/\/abandoned.film\/de\/wp-json\/wp\/v2\/pages"}],"about":[{"href":"https:\/\/abandoned.film\/de\/wp-json\/wp\/v2\/types\/page"}],"author":[{"embeddable":true,"href":"https:\/\/abandoned.film\/de\/wp-json\/wp\/v2\/users\/1"}],"replies":[{"embeddable":true,"href":"https:\/\/abandoned.film\/de\/wp-json\/wp\/v2\/comments?post=2"}],"version-history":[{"count":23,"href":"https:\/\/abandoned.film\/de\/wp-json\/wp\/v2\/pages\/2\/revisions"}],"predecessor-version":[{"id":355,"href":"https:\/\/abandoned.film\/de\/wp-json\/wp\/v2\/pages\/2\/revisions\/355"}],"wp:featuredmedia":[{"embeddable":true,"href":"https:\/\/abandoned.film\/de\/wp-json\/wp\/v2\/media\/80"}],"wp:attachment":[{"href":"https:\/\/abandoned.film\/de\/wp-json\/wp\/v2\/media?parent=2"}],"curies":[{"name":"wp","href":"https:\/\/api.w.org\/{rel}","templated":true}]}}