{"id":586,"date":"2021-04-26T17:10:35","date_gmt":"2021-04-26T17:10:35","guid":{"rendered":"https:\/\/abandoned.film\/?page_id=586"},"modified":"2021-04-26T17:10:35","modified_gmt":"2021-04-26T17:10:35","slug":"evento-el-dia-del-rey","status":"publish","type":"page","link":"https:\/\/abandoned.film\/de\/evento-el-dia-del-rey\/","title":{"rendered":"Abandoned por el evento &#8222;El d\u00eda del rey&#8220; con la licencia de IPAS"},"content":{"rendered":"<p>\n\t<div class=\"wp-video-popup-wrapper\">\n\t\t<div class=\"wp-video-popup-close\"><\/div>\n\t\t<iframe class=\"wp-video-popup-video is-hosted is-landscape is-resizable\" src=\"\" data-wp-video-popup-url=\"https:\/\/player.vimeo.com\/video\/379825496?byline=0&#038;portrait=0&#038;autoplay=1\" frameborder=\"0\" allowfullscreen allow=\"autoplay\">\n\t\t<\/iframe>\n\t<\/div>\n\t<br \/>\n<a class=\"wp-video-popup\" title=\"Playback la pel\u00edcula 'ABANDONED'\" href=\"#\"><br \/>\n<img loading=\"lazy\" decoding=\"async\" class=\"alignnone wp-image-42 size-full\" src=\"https:\/\/abandoned.film\/wp-content\/uploads\/2018\/10\/Trailer-play.png\" alt=\"Playback la pel\u00edcula 'ABANDONED'\" width=\"800\" height=\"450\" srcset=\"https:\/\/abandoned.film\/wp-content\/uploads\/2018\/10\/Trailer-play.png 800w, https:\/\/abandoned.film\/wp-content\/uploads\/2018\/10\/Trailer-play-300x169.png 300w, https:\/\/abandoned.film\/wp-content\/uploads\/2018\/10\/Trailer-play-768x432.png 768w\" sizes=\"auto, (max-width: 767px) 89vw, (max-width: 1000px) 54vw, (max-width: 1071px) 543px, 580px\" \/><\/a><a class=\"wp-video-popup\" title=\"Playback la pel\u00edcula 'ABANDONED' - aviso de GDPR: 'Al hacer clic en \u00e9l, se carga una ventana emergente con la pel\u00edcula de vimeo.com. \" href=\"#\"><br \/>\nPlayback la pel\u00edcula &#8218;ABANDONED&#8216; &#8211; en una ventana emergente desde vimeo.com <\/a><\/p>\n","protected":false},"excerpt":{"rendered":"<p>Playback la pel\u00edcula &#8218;ABANDONED&#8216; &#8211; en una ventana emergente desde vimeo.com<\/p>\n","protected":false},"author":2,"featured_media":0,"parent":0,"menu_order":0,"comment_status":"closed","ping_status":"closed","template":"","meta":{"footnotes":""},"class_list":["post-586","page","type-page","status-publish","hentry"],"_links":{"self":[{"href":"https:\/\/abandoned.film\/de\/wp-json\/wp\/v2\/pages\/586","targetHints":{"allow":["GET"]}}],"collection":[{"href":"https:\/\/abandoned.film\/de\/wp-json\/wp\/v2\/pages"}],"about":[{"href":"https:\/\/abandoned.film\/de\/wp-json\/wp\/v2\/types\/page"}],"author":[{"embeddable":true,"href":"https:\/\/abandoned.film\/de\/wp-json\/wp\/v2\/users\/2"}],"replies":[{"embeddable":true,"href":"https:\/\/abandoned.film\/de\/wp-json\/wp\/v2\/comments?post=586"}],"version-history":[{"count":1,"href":"https:\/\/abandoned.film\/de\/wp-json\/wp\/v2\/pages\/586\/revisions"}],"predecessor-version":[{"id":587,"href":"https:\/\/abandoned.film\/de\/wp-json\/wp\/v2\/pages\/586\/revisions\/587"}],"wp:attachment":[{"href":"https:\/\/abandoned.film\/de\/wp-json\/wp\/v2\/media?parent=586"}],"curies":[{"name":"wp","href":"https:\/\/api.w.org\/{rel}","templated":true}]}}