{"id":2,"date":"2018-10-02T18:50:29","date_gmt":"2018-10-02T18:50:29","guid":{"rendered":"http:\/\/abandoned.film\/?page_id=2"},"modified":"2019-02-14T15:04:34","modified_gmt":"2019-02-14T15:04:34","slug":"story","status":"publish","type":"page","link":"https:\/\/abandoned.film\/es\/story\/","title":{"rendered":"HISTORIA"},"content":{"rendered":"<p><\/p>\n<p class=\"p1\">SINOPSIS<\/p>\n<p class=\"western\" lang=\"en-US\"><em>Abandonadas<\/em> cuenta las desgarradoras historias de mujeres que murieron o padecieron terriblemente cuando los \u201cobjetores de conciencia\u201d \u2013 m\u00e9dicos que rechazaron prestar sus servicios cuando estos entraban en conflicto con sus creencias religiosas &#8211; les denegaron un aborto legal.<\/p>\n<p class=\"western\" lang=\"en-US\"><em>Conoce a los padres de Valentina en Italia<\/em>. Su hija muri\u00f3 en 2015 durante el aborto de sus gemelos en la semana 19 de gestaci\u00f3n. Su m\u00e9dico se neg\u00f3 a practicar la terminaci\u00f3n necesaria porque uno de los gemelos todav\u00eda ten\u00eda latido card\u00edaco y \u00e9l era \u201cobjetor de conciencia\u201d. Valentina desarroll\u00f3 una septicemia (infecci\u00f3n virulenta y potencialmente mortal) que la mat\u00f3 tras sufrir ag\u00f3nicamente durante horas mientras la sepsis destrozaba sus \u00f3rganos.<\/p>\n<p class=\"western\" lang=\"en-US\"><em>Conoce a los amigos y abogados de Savita<\/em>. Savita era una dentista de la India residente en Irlanda que muri\u00f3 en 2012. Los m\u00e9dicos se negaron a practicar una terminaci\u00f3n cuando a las 17 semanas se desencaden\u00f3 un aborto espont\u00e1neo porque todav\u00eda hab\u00eda latido card\u00edaco fetal. El equipo m\u00e9dico verbaliz\u00f3 comentarios religiosos y se centr\u00f3 en el feto en lugar de tratar a Savita incluso cuando empez\u00f3 a mostrar s\u00edntomas de septicemia. En ese momento, la legislaci\u00f3n irlandesa permit\u00eda practicar un aborto en casos de riesgo para la vida de la madre, pero este caso demuestra que la \u00fanica manera de estar seguro de que la vida de una persona est\u00e1 en peligro de muerte es despu\u00e9s de morir.<\/p>\n<p class=\"western\" lang=\"en-US\"><em>Conoce a \u201cPaula\u201d en Espa\u00f1a.<\/em> Supo que su beb\u00e9 sufr\u00eda una importante anomal\u00eda gen\u00e9tica a los siete meses de gestaci\u00f3n por los retrasos deliberados en el diagn\u00f3stico prenatal por parte de \u201cobjetores de conciencia\u201d en la provincia donde reside en Galicia \u2013 no quisieron practicarle un aborto a pesar de las malformaciones fetales. Estos retrasos se tradujeron en complicaciones m\u00e9dicas que pusieron su vida en riesgo y desembocaron en una histerectom\u00eda de urgencias para salvarle la vida. Paula ya no puede tener hijos.<\/p>\n<p class=\"western\" lang=\"en-US\"><em>Conoce a Francisca y a su marido en Espa\u00f1a.<\/em> Nadie les explic\u00f3 las anormalidades fetales severas en la ecograf\u00eda de la semana 12, el m\u00e9dico solo habl\u00f3 de que los pies deformados podr\u00edan corregirse, y desestimaron categ\u00f3ricamente practicar una terminaci\u00f3n. La pareja se vio forzada a llevar el embarazo a t\u00e9rmino porque el 100% de los m\u00e9dicos en la provincia de Murcia en la que residen son \u201cobjetores de conciencia\u201d. Francisca y su marido no pueden trabajar porque el grado de discapacidad de su hijo es tan severo que requiere atenci\u00f3n y cuidados constantes.<\/p>\n<p class=\"western\" lang=\"en-US\">Abandonadas es pionera. Es la primera pel\u00edcula que da voz a las mujeres y permite a la audiencia escuchar sus historias. La pel\u00edcula expone la injusticia de dejar que los m\u00e9dicos rechacen tratar a mujeres con un embarazo no deseado. Se genera un riesgo real de muerte y sufrimiento cuando los m\u00e9dicos basan sus decisiones en creencias personales, err\u00f3neamente llamado \u201cconciencia\u201d. La pel\u00edcula tambi\u00e9n explora el origen de la \u201cobjeci\u00f3n de conciencia\u201d en el \u00e1mbito sanitario y entrevista a expertos en la materia.<\/p>\n<p class=\"western\" lang=\"en-US\"><b>Contexto:<\/b><\/p>\n<p class=\"western\"><span lang=\"EN-US\">En el a\u00f1o 2016, los directores crearon una p\u00e1gina web <a href=\"http:\/\/www.objeciondeconciencia.info\/category\/victims-of-co\/\" target=\"_blank\" rel=\"noopener noreferrer\">www.objeciondeconciencia.info<\/a>, que a d\u00eda de hoy tiene mas de 50 historias de mujeres a las que se les deneg\u00f3 un aborto legal por razones de \u201cconciencia\u201d y que como resultado sufrieron importantes lesiones o injusticias. Algunas de ellas murieron y muchas casi mueren. Los m\u00e9dicos y los hospitales raramente son sancionados.<\/span><\/p>\n<p class=\"western\">Las graves secuelas causadas por la negativa a procurar tratamiento sanitario a causa de la denominada \u201cobjeci\u00f3n de conciencia\u201d solo obtienen cobertura medi\u00e1tica cuando una mujer muere, o cuando una mujer o su familia presentan una demanda. Las pocas mujeres que figuran en la p\u00e1gina web son solo la punta del iceberg ya que la gran mayor\u00eda de casos nunca salen a la luz.<\/p>\n<p>&nbsp;<\/p>\n<p>[ngg src=\u00bbgalleries\u00bb ids=\u00bb1&#8243; display=\u00bbbasic_thumbnail\u00bb display_view=\u00bbdefault\u00bb template=\u00bb\/is\/htdocs\/wp13019615_B6C16XTPQ6\/www\/abandoned\/wp-content\/plugins\/nextgen-gallery\/products\/photocrati_nextgen\/modules\/ngglegacy\/view\/gallery.php\u00bb]<\/p>","protected":false},"excerpt":{"rendered":"<p>SINOPSIS Abandonadas cuenta las desgarradoras historias de mujeres que murieron o padecieron terriblemente cuando los \u201cobjetores de conciencia\u201d \u2013 m\u00e9dicos que rechazaron prestar sus servicios cuando estos entraban en conflicto con sus creencias religiosas &#8211; les denegaron un aborto legal. Conoce a los padres de Valentina en Italia. Su hija muri\u00f3 en 2015 durante el &hellip; <\/p>\n<p class=\"link-more\"><a href=\"https:\/\/abandoned.film\/es\/story\/\" class=\"more-link\">Continuar leyendo<span class=\"screen-reader-text\"> \u00abHISTORIA\u00bb<\/span><\/a><\/p>\n","protected":false},"author":1,"featured_media":80,"parent":0,"menu_order":0,"comment_status":"closed","ping_status":"open","template":"","meta":{"footnotes":""},"class_list":["post-2","page","type-page","status-publish","has-post-thumbnail","hentry"],"_links":{"self":[{"href":"https:\/\/abandoned.film\/es\/wp-json\/wp\/v2\/pages\/2","targetHints":{"allow":["GET"]}}],"collection":[{"href":"https:\/\/abandoned.film\/es\/wp-json\/wp\/v2\/pages"}],"about":[{"href":"https:\/\/abandoned.film\/es\/wp-json\/wp\/v2\/types\/page"}],"author":[{"embeddable":true,"href":"https:\/\/abandoned.film\/es\/wp-json\/wp\/v2\/users\/1"}],"replies":[{"embeddable":true,"href":"https:\/\/abandoned.film\/es\/wp-json\/wp\/v2\/comments?post=2"}],"version-history":[{"count":23,"href":"https:\/\/abandoned.film\/es\/wp-json\/wp\/v2\/pages\/2\/revisions"}],"predecessor-version":[{"id":355,"href":"https:\/\/abandoned.film\/es\/wp-json\/wp\/v2\/pages\/2\/revisions\/355"}],"wp:featuredmedia":[{"embeddable":true,"href":"https:\/\/abandoned.film\/es\/wp-json\/wp\/v2\/media\/80"}],"wp:attachment":[{"href":"https:\/\/abandoned.film\/es\/wp-json\/wp\/v2\/media?parent=2"}],"curies":[{"name":"wp","href":"https:\/\/api.w.org\/{rel}","templated":true}]}}